{"id":45329,"date":"2021-04-14T22:17:55","date_gmt":"2021-04-14T20:32:50","guid":{"rendered":"https:\/\/enotecadipiazza.com\/prodotto\/moet-chandon-rose-imperial\/"},"modified":"2023-05-19T16:58:08","modified_gmt":"2023-05-19T14:58:08","slug":"moet-chandon-rose-imperial","status":"publish","type":"product","link":"https:\/\/enotecadipiazza.com\/en\/prodotto\/moet-chandon-rose-imperial\/","title":{"rendered":"Mo\u00ebt &amp; Chandon Ros\u00e8 Imp\u00e8rial"},"content":{"rendered":"<p>Mo\u00ebt &amp; Chandon Ros\u00e8 Imp\u00e8rial<\/p>\n","protected":false},"excerpt":{"rendered":"<p>Mo\u00ebt &amp; Chandon Ros\u00e8 Imp\u00e8rial<\/p>\n","protected":false},"featured_media":38847,"comment_status":"open","ping_status":"closed","template":"","meta":{"_acf_changed":false},"product_brand":[],"product_cat":[709,707],"product_tag":[],"giftcard-category":[],"class_list":{"0":"post-45329","1":"product","2":"type-product","3":"status-publish","4":"has-post-thumbnail","6":"product_cat-champagne-en","7":"product_cat-sparkling-wine","9":"first","10":"outofstock","11":"purchasable","12":"product-type-simple"},"acf":[],"_links":{"self":[{"href":"https:\/\/enotecadipiazza.com\/en\/wp-json\/wp\/v2\/product\/45329","targetHints":{"allow":["GET"]}}],"collection":[{"href":"https:\/\/enotecadipiazza.com\/en\/wp-json\/wp\/v2\/product"}],"about":[{"href":"https:\/\/enotecadipiazza.com\/en\/wp-json\/wp\/v2\/types\/product"}],"replies":[{"embeddable":true,"href":"https:\/\/enotecadipiazza.com\/en\/wp-json\/wp\/v2\/comments?post=45329"}],"version-history":[{"count":0,"href":"https:\/\/enotecadipiazza.com\/en\/wp-json\/wp\/v2\/product\/45329\/revisions"}],"wp:featuredmedia":[{"embeddable":true,"href":"https:\/\/enotecadipiazza.com\/en\/wp-json\/wp\/v2\/media\/38847"}],"wp:attachment":[{"href":"https:\/\/enotecadipiazza.com\/en\/wp-json\/wp\/v2\/media?parent=45329"}],"wp:term":[{"taxonomy":"product_brand","embeddable":true,"href":"https:\/\/enotecadipiazza.com\/en\/wp-json\/wp\/v2\/product_brand?post=45329"},{"taxonomy":"product_cat","embeddable":true,"href":"https:\/\/enotecadipiazza.com\/en\/wp-json\/wp\/v2\/product_cat?post=45329"},{"taxonomy":"product_tag","embeddable":true,"href":"https:\/\/enotecadipiazza.com\/en\/wp-json\/wp\/v2\/product_tag?post=45329"},{"taxonomy":"giftcard-category","embeddable":true,"href":"https:\/\/enotecadipiazza.com\/en\/wp-json\/wp\/v2\/giftcard-category?post=45329"}],"curies":[{"name":"wp","href":"https:\/\/api.w.org\/{rel}","templated":true}]}}