{"id":109552,"date":"2023-12-15T13:47:40","date_gmt":"2023-12-15T12:47:42","guid":{"rendered":"https:\/\/enotecadipiazza.com\/?post_type=product&#038;p=109552"},"modified":"2026-04-22T11:39:34","modified_gmt":"2026-04-22T09:39:34","slug":"poggio-di-sotto-rosso-di-montalcino-2022","status":"publish","type":"product","link":"https:\/\/enotecadipiazza.com\/en\/prodotto\/poggio-di-sotto-rosso-di-montalcino-2022\/","title":{"rendered":"Poggio di Sotto Rosso di Montalcino 2022"},"content":{"rendered":"<p>Il Rosso di Montalcino Poggio di Sotto \u00e8 un vino prodotto nel rispetto della tradizione, nel quale il Sangiovese \u00e8 in grado di esprimere le sue infinite potenzialit\u00e0 nel modo pi\u00f9 naturale possibile grazie anche alla conduzione agricola naturale e poco interventista se non nella severit\u00e0 dei diradamenti, e ad una conduzione cantiniera fatta di lieviti indigeni, tini di acciaio ma anche di rovere per fermentare, botti medio-grandi. <\/p>\n<div>\n<h2>Description<\/h2>\n<p>The Poggio di Sotto Rosso di Montalcino 2022 is an exceptional blend that captures the essence of Tuscany. With its rich heritage and meticulous production methods, this wine is more than just a drink; it\u2019s an experience that narrates the story of its land. Whether enjoyed solo or shared with good company, its allure invites you to explore the vibrant culture and tradition of Montalcino.<\/p>\n<h2>Wine characteristics<\/h2>\n<p>Exuding a stunning ruby red hue, the Poggio di Sotto Rosso entices the senses with its intense and clean aromas. On the palate, it offers a remarkable correspondence to the nose, showcasing a perfect balance of freshness, elegance, and persistence. This exquisite wine is often called \u201ca small Brunello\u201d due to its impressive flavor profile and complexity.<\/p>\n<h2>Recommended pairings<\/h2>\n<p>Ideal with:<\/p>\n<p>&#8211; Appetizers and first courses<\/p>\n<p>&#8211; Red and white meats<\/p>\n<p>&#8211; Cheeses and vegetables<\/p>\n<h2>Technical details<\/h2>\n<p>\n    <strong>Year:<\/strong> 2022<br \/>\n    <strong>Azienda:<\/strong> Poggio di Sotto<br \/>\n    <strong>Classificazione:<\/strong> D.O.C.<br \/>\n    <strong>Colore:<\/strong> Ruby red<br \/>\n    <strong>Fermentazione:<\/strong> Steel vats to ferment but also oak<br \/>\n    <strong>Alcohol content:<\/strong> 13.5% vol.<br \/>\n    <strong>Produzione:<\/strong> 13,500 bottles<br \/>\n    <strong>Profumo:<\/strong> Intense aromas and clean<br \/>\n    <strong>Region:<\/strong> Toscana<br \/>\n    <strong>Sapore:<\/strong> Good correspondence to the nose with remarkable freshness, elegance, and persistence<br \/>\n    <strong>Temperatura di servizio:<\/strong> 18-20\u00b0C<br \/>\n    <strong>Tipologia:<\/strong> White Wine<br \/>\n    <strong>Vitigni:<\/strong> 100% Sangiovese<br \/>\n    <strong>Bottle size:<\/strong> 750 ml Standard\n  <\/p>\n<\/div>\n<p>Question: What food pairs well with Poggio di Sotto Rosso di Montalcino 2022?<br \/>\nAnswer: It pairs excellently with appetizers, first courses, red and white meats, as well as a variety of cheeses and vegetables.<\/p>\n<p>Question: What are the tasting notes of Poggio di Sotto Rosso di Montalcino 2022?<br \/>\nAnswer: This wine offers intense aromas with a striking balance of freshness and elegance on the palate, often likened to a small Brunello.<\/p>\n<p>Question: At what temperature should I serve this wine?<br \/>\nAnswer: The ideal serving temperature for Poggio di Sotto Rosso di Montalcino 2022 is between 18-20\u00b0C.<\/p>\n<p>{<br \/>\n  @context: https:\/\/schema.org,<br \/>\n  @type: FAQPage,<br \/>\n  mainEntity: [<br \/>\n    {<br \/>\n      @type: Question,<br \/>\n      name: What food pairs well with Poggio di Sotto Rosso di Montalcino 2022?,<br \/>\n      acceptedAnswer: {<br \/>\n        @type: Answer,<br \/>\n        text: It pairs excellently with appetizers, first courses, red and white meats, as well as a variety of cheeses and vegetables.<br \/>\n      }<br \/>\n    },<br \/>\n    {<br \/>\n      @type: Question,<br \/>\n      name: What are the tasting notes of Poggio di Sotto Rosso di Montalcino 2022?,<br \/>\n      acceptedAnswer: {<br \/>\n        @type: Answer,<br \/>\n        text: This wine offers intense aromas with a striking balance of freshness and elegance on the palate, often likened to a &#8216;small Brunello.&#8217;<br \/>\n      }<br \/>\n    },<br \/>\n    {<br \/>\n      @type: Question,<br \/>\n      name: At what temperature should I serve this wine?,<br \/>\n      acceptedAnswer: {<br \/>\n        @type: Answer,<br \/>\n        text: The ideal serving temperature for Poggio di Sotto Rosso di Montalcino 2022 is between 18-20\u00b0C.<br \/>\n      }<br \/>\n    }<br \/>\n  ]<br \/>\n}<\/p>\n","protected":false},"excerpt":{"rendered":"<p>Grape variety: Sangiovese \u2013 Tuscany<br \/>\nStyle: Fresh and elegant<br \/>\nAromas: Intense and clean<br \/>\nFood pairing: Appetizers and meats<\/p>\n","protected":false},"featured_media":117243,"comment_status":"open","ping_status":"closed","template":"","meta":{"_acf_changed":false},"product_brand":[],"product_cat":[718,742,706,711],"product_tag":[1131],"giftcard-category":[],"class_list":{"0":"post-109552","1":"product","2":"type-product","3":"status-publish","4":"has-post-thumbnail","6":"product_cat-red-wine","7":"product_cat-rosso-di-montalcino-en","8":"product_cat-bio-en","9":"product_cat-free-shipping-en","10":"product_tag-poggio-di-sotto-en","11":"pa_anno-2022-en","12":"pa_grado-135-vol-en","14":"first","15":"instock","16":"purchasable","17":"product-type-simple"},"acf":[],"_links":{"self":[{"href":"https:\/\/enotecadipiazza.com\/en\/wp-json\/wp\/v2\/product\/109552","targetHints":{"allow":["GET"]}}],"collection":[{"href":"https:\/\/enotecadipiazza.com\/en\/wp-json\/wp\/v2\/product"}],"about":[{"href":"https:\/\/enotecadipiazza.com\/en\/wp-json\/wp\/v2\/types\/product"}],"replies":[{"embeddable":true,"href":"https:\/\/enotecadipiazza.com\/en\/wp-json\/wp\/v2\/comments?post=109552"}],"version-history":[{"count":0,"href":"https:\/\/enotecadipiazza.com\/en\/wp-json\/wp\/v2\/product\/109552\/revisions"}],"wp:featuredmedia":[{"embeddable":true,"href":"https:\/\/enotecadipiazza.com\/en\/wp-json\/wp\/v2\/media\/117243"}],"wp:attachment":[{"href":"https:\/\/enotecadipiazza.com\/en\/wp-json\/wp\/v2\/media?parent=109552"}],"wp:term":[{"taxonomy":"product_brand","embeddable":true,"href":"https:\/\/enotecadipiazza.com\/en\/wp-json\/wp\/v2\/product_brand?post=109552"},{"taxonomy":"product_cat","embeddable":true,"href":"https:\/\/enotecadipiazza.com\/en\/wp-json\/wp\/v2\/product_cat?post=109552"},{"taxonomy":"product_tag","embeddable":true,"href":"https:\/\/enotecadipiazza.com\/en\/wp-json\/wp\/v2\/product_tag?post=109552"},{"taxonomy":"giftcard-category","embeddable":true,"href":"https:\/\/enotecadipiazza.com\/en\/wp-json\/wp\/v2\/giftcard-category?post=109552"}],"curies":[{"name":"wp","href":"https:\/\/api.w.org\/{rel}","templated":true}]}}